{"id":1110,"date":"2025-01-19T09:28:10","date_gmt":"2025-01-19T09:28:10","guid":{"rendered":"https:\/\/huilerie-houali.com\/2024\/?post_type=product&#038;p=1110"},"modified":"2025-01-19T09:42:02","modified_gmt":"2025-01-19T09:42:02","slug":"tapenade-dolive-maison-huilerie-houali","status":"publish","type":"product","link":"https:\/\/huilerie-houali.com\/2024\/produit\/tapenade-dolive-maison-huilerie-houali\/","title":{"rendered":"Tapenade d&rsquo;olive maison &#8211; Huilerie Houali"},"content":{"rendered":"<div class=\"flex-shrink-0 flex flex-col relative items-end\">\n<div>\n<div class=\"pt-0\">\n<div class=\"gizmo-bot-avatar flex h-8 w-8 items-center justify-center overflow-hidden rounded-full\">\n<div class=\"relative p-1 rounded-sm flex items-center justify-center bg-token-main-surface-primary text-token-text-primary h-8 w-8\"><\/div>\n<\/div>\n<\/div>\n<\/div>\n<\/div>\n<div class=\"group\/conversation-turn relative flex w-full min-w-0 flex-col agent-turn\">\n<div class=\"flex-col gap-1 md:gap-3\">\n<div class=\"flex max-w-full flex-col flex-grow\">\n<div class=\"min-h-8 text-message flex w-full flex-col items-end gap-2 whitespace-normal break-words text-start [.text-message+&amp;]:mt-5\" dir=\"auto\" data-message-author-role=\"assistant\" data-message-id=\"8afad6ab-506e-4790-97d5-424416fe793d\" data-message-model-slug=\"gpt-4o\">\n<div class=\"flex w-full flex-col gap-1 empty:hidden first:pt-[3px]\">\n<div class=\"markdown prose w-full break-words dark:prose-invert light\">\n<p>La tapenade d&rsquo;olive maison est un m\u00e9lange simple et d\u00e9licieux, pr\u00e9par\u00e9 avec soin \u00e0 partir d&rsquo;olives vertes ou noires et d&rsquo;une pointe d&rsquo;ail. Id\u00e9ale sur du pain grill\u00e9, sa texture onctueuse et son go\u00fbt authentique apportent une touche artisanale et gourmande \u00e0 tous vos plats<\/p>\n<\/div>\n<\/div>\n<\/div>\n<\/div>\n<\/div>\n<\/div>\n","protected":false},"excerpt":{"rendered":"<p>La tapenade d&rsquo;olive maison est un m\u00e9lange simple et d\u00e9licieux, pr\u00e9par\u00e9 avec soin \u00e0 partir d&rsquo;olives vertes ou noires et d&rsquo;une pointe d&rsquo;ail. Id\u00e9ale sur du pain grill\u00e9, sa texture onctueuse et son go\u00fbt authentique apportent une touche artisanale et gourmande \u00e0 tous vos plats<\/p>\n","protected":false},"featured_media":1093,"comment_status":"open","ping_status":"closed","template":"","meta":{"_kadence_starter_templates_imported_post":false,"_kad_post_transparent":"default","_kad_post_title":"","_kad_post_layout":"default","_kad_post_sidebar_id":"","_kad_post_content_style":"default","_kad_post_vertical_padding":"default","_kad_post_feature":"","_kad_post_feature_position":"","_kad_post_header":false,"_kad_post_footer":false,"_kad_post_classname":""},"product_brand":[],"product_cat":[16],"product_tag":[],"class_list":{"0":"post-1110","1":"product","2":"type-product","3":"status-publish","4":"has-post-thumbnail","6":"product_cat-huile-dolive-houali","8":"first","9":"instock","10":"shipping-taxable","11":"purchasable","12":"product-type-simple","13":"entry","14":"content-bg","15":"loop-entry"},"yoast_head":"<!-- This site is optimized with the Yoast SEO plugin v27.2 - https:\/\/yoast.com\/product\/yoast-seo-wordpress\/ -->\n<title>Tapenade d&#039;olive maison - Huilerie Houali - Huilerie Houali<\/title>\n<meta name=\"description\" content=\"D\u00e9licieuse tapenade d&#039;olive m\u00e9diterran\u00e9enne : un m\u00e9lange onctueux d&#039;olives vertes ou noires et d&#039;ail, parfait pour vos ap\u00e9ritifs et plats gourmands\" \/>\n<meta name=\"robots\" content=\"index, follow, max-snippet:-1, max-image-preview:large, max-video-preview:-1\" \/>\n<link rel=\"canonical\" href=\"https:\/\/huilerie-houali.com\/2024\/produit\/tapenade-dolive-maison-huilerie-houali\/\" \/>\n<meta property=\"og:locale\" content=\"fr_FR\" \/>\n<meta property=\"og:type\" content=\"article\" \/>\n<meta property=\"og:title\" content=\"Tapenade d&#039;olive maison - Huilerie Houali - Huilerie Houali\" \/>\n<meta property=\"og:description\" content=\"D\u00e9licieuse tapenade d&#039;olive m\u00e9diterran\u00e9enne : un m\u00e9lange onctueux d&#039;olives vertes ou noires et d&#039;ail, parfait pour vos ap\u00e9ritifs et plats gourmands\" \/>\n<meta property=\"og:url\" content=\"https:\/\/huilerie-houali.com\/2024\/produit\/tapenade-dolive-maison-huilerie-houali\/\" \/>\n<meta property=\"og:site_name\" content=\"Huilerie Houali\" \/>\n<meta property=\"article:publisher\" content=\"https:\/\/www.facebook.com\/huilerie.houali\/?locale=fr_FR\" \/>\n<meta property=\"article:modified_time\" content=\"2025-01-19T09:42:02+00:00\" \/>\n<meta property=\"og:image\" content=\"https:\/\/huilerie-houali.com\/2024\/wp-content\/uploads\/2025\/01\/photo_5780925379853272704_y.jpg\" \/>\n\t<meta property=\"og:image:width\" content=\"1080\" \/>\n\t<meta property=\"og:image:height\" content=\"618\" \/>\n\t<meta property=\"og:image:type\" content=\"image\/jpeg\" \/>\n<meta name=\"twitter:card\" content=\"summary_large_image\" \/>\n<meta name=\"twitter:label1\" content=\"Dur\u00e9e de lecture estim\u00e9e\" \/>\n\t<meta name=\"twitter:data1\" content=\"1 minute\" \/>\n<script type=\"application\/ld+json\" class=\"yoast-schema-graph\">{\"@context\":\"https:\/\/schema.org\",\"@graph\":[{\"@type\":\"WebPage\",\"@id\":\"https:\/\/huilerie-houali.com\/2024\/produit\/tapenade-dolive-maison-huilerie-houali\/\",\"url\":\"https:\/\/huilerie-houali.com\/2024\/produit\/tapenade-dolive-maison-huilerie-houali\/\",\"name\":\"Tapenade d'olive maison - Huilerie Houali - Huilerie Houali\",\"isPartOf\":{\"@id\":\"https:\/\/huilerie-houali.com\/2024\/#website\"},\"primaryImageOfPage\":{\"@id\":\"https:\/\/huilerie-houali.com\/2024\/produit\/tapenade-dolive-maison-huilerie-houali\/#primaryimage\"},\"image\":{\"@id\":\"https:\/\/huilerie-houali.com\/2024\/produit\/tapenade-dolive-maison-huilerie-houali\/#primaryimage\"},\"thumbnailUrl\":\"https:\/\/huilerie-houali.com\/2024\/wp-content\/uploads\/2025\/01\/photo_5780925379853272704_y.jpg\",\"datePublished\":\"2025-01-19T09:28:10+00:00\",\"dateModified\":\"2025-01-19T09:42:02+00:00\",\"description\":\"D\u00e9licieuse tapenade d'olive m\u00e9diterran\u00e9enne : un m\u00e9lange onctueux d'olives vertes ou noires et d'ail, parfait pour vos ap\u00e9ritifs et plats gourmands\",\"breadcrumb\":{\"@id\":\"https:\/\/huilerie-houali.com\/2024\/produit\/tapenade-dolive-maison-huilerie-houali\/#breadcrumb\"},\"inLanguage\":\"fr-FR\",\"potentialAction\":[{\"@type\":\"ReadAction\",\"target\":[\"https:\/\/huilerie-houali.com\/2024\/produit\/tapenade-dolive-maison-huilerie-houali\/\"]}]},{\"@type\":\"ImageObject\",\"inLanguage\":\"fr-FR\",\"@id\":\"https:\/\/huilerie-houali.com\/2024\/produit\/tapenade-dolive-maison-huilerie-houali\/#primaryimage\",\"url\":\"https:\/\/huilerie-houali.com\/2024\/wp-content\/uploads\/2025\/01\/photo_5780925379853272704_y.jpg\",\"contentUrl\":\"https:\/\/huilerie-houali.com\/2024\/wp-content\/uploads\/2025\/01\/photo_5780925379853272704_y.jpg\",\"width\":1080,\"height\":618},{\"@type\":\"BreadcrumbList\",\"@id\":\"https:\/\/huilerie-houali.com\/2024\/produit\/tapenade-dolive-maison-huilerie-houali\/#breadcrumb\",\"itemListElement\":[{\"@type\":\"ListItem\",\"position\":1,\"name\":\"Accueil\",\"item\":\"https:\/\/huilerie-houali.com\/2024\/\"},{\"@type\":\"ListItem\",\"position\":2,\"name\":\"Boutique\",\"item\":\"https:\/\/huilerie-houali.com\/2024\/boutique\/\"},{\"@type\":\"ListItem\",\"position\":3,\"name\":\"Tapenade d&rsquo;olive maison &#8211; Huilerie Houali\"}]},{\"@type\":\"WebSite\",\"@id\":\"https:\/\/huilerie-houali.com\/2024\/#website\",\"url\":\"https:\/\/huilerie-houali.com\/2024\/\",\"name\":\"Huilerie Houali\",\"description\":\"Huilerie Houali \u2013 Depuis 1952, nous produisons une huile d&#039;olive extra vierge 100% naturelle, issue d\u2019un savoir-faire familial et d\u2019un terroir d\u2019exception. Qualit\u00e9, tradition et passion au c\u0153ur de chaque goutte.\",\"publisher\":{\"@id\":\"https:\/\/huilerie-houali.com\/2024\/#organization\"},\"potentialAction\":[{\"@type\":\"SearchAction\",\"target\":{\"@type\":\"EntryPoint\",\"urlTemplate\":\"https:\/\/huilerie-houali.com\/2024\/?s={search_term_string}\"},\"query-input\":{\"@type\":\"PropertyValueSpecification\",\"valueRequired\":true,\"valueName\":\"search_term_string\"}}],\"inLanguage\":\"fr-FR\"},{\"@type\":\"Organization\",\"@id\":\"https:\/\/huilerie-houali.com\/2024\/#organization\",\"name\":\"Huilerie Houali\",\"url\":\"https:\/\/huilerie-houali.com\/2024\/\",\"logo\":{\"@type\":\"ImageObject\",\"inLanguage\":\"fr-FR\",\"@id\":\"https:\/\/huilerie-houali.com\/2024\/#\/schema\/logo\/image\/\",\"url\":\"https:\/\/huilerie-houali.com\/2024\/wp-content\/uploads\/2024\/07\/cropped-Logo-huilerie-houali-1.png\",\"contentUrl\":\"https:\/\/huilerie-houali.com\/2024\/wp-content\/uploads\/2024\/07\/cropped-Logo-huilerie-houali-1.png\",\"width\":300,\"height\":184,\"caption\":\"Huilerie Houali\"},\"image\":{\"@id\":\"https:\/\/huilerie-houali.com\/2024\/#\/schema\/logo\/image\/\"},\"sameAs\":[\"https:\/\/www.facebook.com\/huilerie.houali\/?locale=fr_FR\"]}]}<\/script>\n<!-- \/ Yoast SEO plugin. -->","yoast_head_json":{"title":"Tapenade d'olive maison - Huilerie Houali - Huilerie Houali","description":"D\u00e9licieuse tapenade d'olive m\u00e9diterran\u00e9enne : un m\u00e9lange onctueux d'olives vertes ou noires et d'ail, parfait pour vos ap\u00e9ritifs et plats gourmands","robots":{"index":"index","follow":"follow","max-snippet":"max-snippet:-1","max-image-preview":"max-image-preview:large","max-video-preview":"max-video-preview:-1"},"canonical":"https:\/\/huilerie-houali.com\/2024\/produit\/tapenade-dolive-maison-huilerie-houali\/","og_locale":"fr_FR","og_type":"article","og_title":"Tapenade d'olive maison - Huilerie Houali - Huilerie Houali","og_description":"D\u00e9licieuse tapenade d'olive m\u00e9diterran\u00e9enne : un m\u00e9lange onctueux d'olives vertes ou noires et d'ail, parfait pour vos ap\u00e9ritifs et plats gourmands","og_url":"https:\/\/huilerie-houali.com\/2024\/produit\/tapenade-dolive-maison-huilerie-houali\/","og_site_name":"Huilerie Houali","article_publisher":"https:\/\/www.facebook.com\/huilerie.houali\/?locale=fr_FR","article_modified_time":"2025-01-19T09:42:02+00:00","og_image":[{"width":1080,"height":618,"url":"https:\/\/huilerie-houali.com\/2024\/wp-content\/uploads\/2025\/01\/photo_5780925379853272704_y.jpg","type":"image\/jpeg"}],"twitter_card":"summary_large_image","twitter_misc":{"Dur\u00e9e de lecture estim\u00e9e":"1 minute"},"schema":{"@context":"https:\/\/schema.org","@graph":[{"@type":"WebPage","@id":"https:\/\/huilerie-houali.com\/2024\/produit\/tapenade-dolive-maison-huilerie-houali\/","url":"https:\/\/huilerie-houali.com\/2024\/produit\/tapenade-dolive-maison-huilerie-houali\/","name":"Tapenade d'olive maison - Huilerie Houali - Huilerie Houali","isPartOf":{"@id":"https:\/\/huilerie-houali.com\/2024\/#website"},"primaryImageOfPage":{"@id":"https:\/\/huilerie-houali.com\/2024\/produit\/tapenade-dolive-maison-huilerie-houali\/#primaryimage"},"image":{"@id":"https:\/\/huilerie-houali.com\/2024\/produit\/tapenade-dolive-maison-huilerie-houali\/#primaryimage"},"thumbnailUrl":"https:\/\/huilerie-houali.com\/2024\/wp-content\/uploads\/2025\/01\/photo_5780925379853272704_y.jpg","datePublished":"2025-01-19T09:28:10+00:00","dateModified":"2025-01-19T09:42:02+00:00","description":"D\u00e9licieuse tapenade d'olive m\u00e9diterran\u00e9enne : un m\u00e9lange onctueux d'olives vertes ou noires et d'ail, parfait pour vos ap\u00e9ritifs et plats gourmands","breadcrumb":{"@id":"https:\/\/huilerie-houali.com\/2024\/produit\/tapenade-dolive-maison-huilerie-houali\/#breadcrumb"},"inLanguage":"fr-FR","potentialAction":[{"@type":"ReadAction","target":["https:\/\/huilerie-houali.com\/2024\/produit\/tapenade-dolive-maison-huilerie-houali\/"]}]},{"@type":"ImageObject","inLanguage":"fr-FR","@id":"https:\/\/huilerie-houali.com\/2024\/produit\/tapenade-dolive-maison-huilerie-houali\/#primaryimage","url":"https:\/\/huilerie-houali.com\/2024\/wp-content\/uploads\/2025\/01\/photo_5780925379853272704_y.jpg","contentUrl":"https:\/\/huilerie-houali.com\/2024\/wp-content\/uploads\/2025\/01\/photo_5780925379853272704_y.jpg","width":1080,"height":618},{"@type":"BreadcrumbList","@id":"https:\/\/huilerie-houali.com\/2024\/produit\/tapenade-dolive-maison-huilerie-houali\/#breadcrumb","itemListElement":[{"@type":"ListItem","position":1,"name":"Accueil","item":"https:\/\/huilerie-houali.com\/2024\/"},{"@type":"ListItem","position":2,"name":"Boutique","item":"https:\/\/huilerie-houali.com\/2024\/boutique\/"},{"@type":"ListItem","position":3,"name":"Tapenade d&rsquo;olive maison &#8211; Huilerie Houali"}]},{"@type":"WebSite","@id":"https:\/\/huilerie-houali.com\/2024\/#website","url":"https:\/\/huilerie-houali.com\/2024\/","name":"Huilerie Houali","description":"Huilerie Houali \u2013 Depuis 1952, nous produisons une huile d&#039;olive extra vierge 100% naturelle, issue d\u2019un savoir-faire familial et d\u2019un terroir d\u2019exception. Qualit\u00e9, tradition et passion au c\u0153ur de chaque goutte.","publisher":{"@id":"https:\/\/huilerie-houali.com\/2024\/#organization"},"potentialAction":[{"@type":"SearchAction","target":{"@type":"EntryPoint","urlTemplate":"https:\/\/huilerie-houali.com\/2024\/?s={search_term_string}"},"query-input":{"@type":"PropertyValueSpecification","valueRequired":true,"valueName":"search_term_string"}}],"inLanguage":"fr-FR"},{"@type":"Organization","@id":"https:\/\/huilerie-houali.com\/2024\/#organization","name":"Huilerie Houali","url":"https:\/\/huilerie-houali.com\/2024\/","logo":{"@type":"ImageObject","inLanguage":"fr-FR","@id":"https:\/\/huilerie-houali.com\/2024\/#\/schema\/logo\/image\/","url":"https:\/\/huilerie-houali.com\/2024\/wp-content\/uploads\/2024\/07\/cropped-Logo-huilerie-houali-1.png","contentUrl":"https:\/\/huilerie-houali.com\/2024\/wp-content\/uploads\/2024\/07\/cropped-Logo-huilerie-houali-1.png","width":300,"height":184,"caption":"Huilerie Houali"},"image":{"@id":"https:\/\/huilerie-houali.com\/2024\/#\/schema\/logo\/image\/"},"sameAs":["https:\/\/www.facebook.com\/huilerie.houali\/?locale=fr_FR"]}]}},"jetpack_sharing_enabled":true,"_links":{"self":[{"href":"https:\/\/huilerie-houali.com\/2024\/wp-json\/wp\/v2\/product\/1110","targetHints":{"allow":["GET"]}}],"collection":[{"href":"https:\/\/huilerie-houali.com\/2024\/wp-json\/wp\/v2\/product"}],"about":[{"href":"https:\/\/huilerie-houali.com\/2024\/wp-json\/wp\/v2\/types\/product"}],"replies":[{"embeddable":true,"href":"https:\/\/huilerie-houali.com\/2024\/wp-json\/wp\/v2\/comments?post=1110"}],"wp:featuredmedia":[{"embeddable":true,"href":"https:\/\/huilerie-houali.com\/2024\/wp-json\/wp\/v2\/media\/1093"}],"wp:attachment":[{"href":"https:\/\/huilerie-houali.com\/2024\/wp-json\/wp\/v2\/media?parent=1110"}],"wp:term":[{"taxonomy":"product_brand","embeddable":true,"href":"https:\/\/huilerie-houali.com\/2024\/wp-json\/wp\/v2\/product_brand?post=1110"},{"taxonomy":"product_cat","embeddable":true,"href":"https:\/\/huilerie-houali.com\/2024\/wp-json\/wp\/v2\/product_cat?post=1110"},{"taxonomy":"product_tag","embeddable":true,"href":"https:\/\/huilerie-houali.com\/2024\/wp-json\/wp\/v2\/product_tag?post=1110"}],"curies":[{"name":"wp","href":"https:\/\/api.w.org\/{rel}","templated":true}]}}